{"id":181,"date":"2022-11-24T12:39:19","date_gmt":"2022-11-24T11:39:19","guid":{"rendered":"https:\/\/heartofgold.mooo.com\/gtf_test\/?page_id=7"},"modified":"2026-04-08T08:55:34","modified_gmt":"2026-04-08T08:55:34","slug":"ueber","status":"publish","type":"page","link":"https:\/\/grabtheflag.com\/en\/ueber\/","title":{"rendered":"About Us"},"content":{"rendered":"<h2 class=\"wp-block-heading\">GRAB THE FLAG Racing<\/h2>\n\n\n\n<p>Wie alles begann.<\/p>\n\n\n\n<p>Mit dem ersten Betriebsausflug der Motorradwerkstatt aus der Schwabinger Steinheilstra\u00dfe zum \u201eOldtimer Grand Prix\u201c 1979 auf dem Salzburgring entdeckten Heinz-Peter Stark und Dirk M\u00f6ller ein neues Bet\u00e4tigungsfeld. Besonders anspruchsvoll waren ja die WM-Strecken in Salzburg und Hockenheim nicht gerade, aber es gab damals eben noch keine anderen Veranstaltungen f\u00fcr alte Rennmotorr\u00e4der. In den n\u00e4chsten Jahren kam aber zunehmend Frust auf \u00fcber nicht nachvollziehbare \u201eGleichm\u00e4\u00dfigkeits-Wertungen\u201c.  Peter Stark h\u00f6rte von einem Oldtimer-Rennen (!) im Rahmen eines Trainingswochenendes auf dem Grobnik-Kurs nahe der Hafenstadt Rijeka an der Adria, fuhr hin, mischte mit seiner Vorkriegs-Triumph mit und war begeistert.<\/p>\n\n\n\n<p>\u201eDas k\u00f6nnen wir auch\u201c, rief er und gr\u00fcndete mit tatkr\u00e4ftiger Unterst\u00fctzung durch Ehefrau (und Motorradfahrerin) Helga Stark die \u201eErste Bayerische Interessengemeinschaft f\u00fcr historische Renn- und Sportmotorr\u00e4der\u201c. Dieser gelang es die Rennstrecke zu mieten, so ging es 1988-90 dreimal zum \u201eFr\u00fchjahrsmeeting\u201c nach Jugoslawien. Am Samstag mit viel Fahrzeit und am Sonntag mit \u201eWertungsl\u00e4ufen\u201c vergn\u00fcgten sich 75 sportliche Fahrer aus Deutschland, \u00d6sterreich und der Schweiz in f\u00fcnf Gruppen. Unter ihnen waren auch Dirk M\u00f6ller, Irma Kronester, Karsten Johne und Sebastian Gutsch&#8230;<\/p>\n\n\n\n<p>Am 1. und 2. Juni 1991 sollte es weiter gehen, doch genau da zerfiel Jugoslawien. Eine Ausweichl\u00f6sung entstand aus einer zuf\u00e4lligen Begegnung Peter Starks mit Motorsportlern aus der ungarischen Industriestadt Dunaujvaros. Die Ungarn wollten an ihre Stadtrennen in den 1970er-Jahren ankn\u00fcpfen, die M\u00fcnchener konnten ein komplettes Veranstaltungspaket bieten \u2013 halt mit alten statt neuen Rennmotorr\u00e4dern. B\u00fcrgermeister, Blaskapelle und Trib\u00fcnen lie\u00dfen die Oldtimer-Fahrer staunen, sie revanchierten sich mit spannenden Rennen vor einigen Tausend Zuschauern!<\/p>\n\n\n\n<p>Keine Zuschauer, ein aufgelassener Hubschrauber-Standort der Roten Armee, aber immerhin die Bischofsstadt Kalocsa in der N\u00e4he, so ging es 1992 weiter: Rennen in der Pampa.<\/p>\n\n\n\n<p>Fast in der Pampa in Ecs bei Gy\u00f6r fand sich 1993 der n\u00e4chste Veranstaltungsort in Ungarn. Ein weitl\u00e4ufiges Testgel\u00e4nde f\u00fcr MAN-Raba-Lkw, fertiggestellt aber nie genutzt, stand zur Verf\u00fcgung. Besichtigungsfahrten mit Harley XR 1000 und Vorkriegs-Norton f\u00fchrten zu einer interessanten Streckenf\u00fchrung einschlie\u00dflich einer Steilkurve. Zweimal luden Helga und Peter Stark zum \u201eRabaring\u201c, dann nahm Martin Hei\u00df statt Zeitnahme und BSA M 20 die karierte Flagge in die Hand.<\/p>\n\n\n\n<p>Im Sommer 1993 hatten die Rennfahrer-Rebellen \u2013 wie sie manche Herren des Veteranen-Fahrzeug-Verbands gern nannten \u2013 nach der Ungarn-Reise auch noch einen weiteren Termin in Tschechien im Programm. Die Rennstrecke bei Most war von einem neuen Veranstalter aus M\u00fcnchen namens \u201eGrab the Flag\u201c gemietet. Die Gr\u00fcnder waren Burkhard Pflug, Inhaber der Motorrad Boutique \u201eGasoline Alley\u201c, Karsten Johne und Dirk M\u00f6ller des Motorrad- und Teilegesch\u00e4fts \u201eSouthern Division\u201c, sowie Irma Kronester von der Motorradwerkstatt \u201eRockerbox\u201c. Christian Engelhardt k\u00fcmmerte sich um eine moderne Zeitmessung, sa\u00df aber wie die anderen \u201eFunktion\u00e4re\u201c weiter im Sattel seines Vintage-Renners.<\/p>\n\n\n\n<p>Mit der zweiten Auflage 1994 wurde das endg\u00fcltige Format gefunden, der neue Name \u201eGrab the Flag\u201c stand erstmals f\u00fcr drei Tage Rennmotorrad fahren. Das Team konnte statt 75 nunmehr fast doppelt so viele Teilnehmer begr\u00fc\u00dfen, was aber keineswegs zu Problemen f\u00fchrte, war doch allen Beteiligten klar, was f\u00fcr eine besondere Veranstaltung hier entstanden war. 1995 kam mit Poznan in West-Polen ein zus\u00e4tzlicher Termin ins Programm, 1996 dann noch mit dem Hungaroring eine aktuelle Formel 1-Strecke. Ab 1999 l\u00f6ste Rijeka, nun im unabh\u00e4ngigen Staat Kroatien, die polnische Strecke ab, womit sich f\u00fcr manche Oldtimer- und Classic-Fahrer in der zw\u00f6lften Saison freundschaftlicher Begegnungen mit Rennmotorr\u00e4dern auf der Rennstrecke ein Kreis schlo\u00df.<\/p>\n\n\n\n<h2 class=\"wp-block-heading\">Aktive Mitglieder unseres Vereins:<\/h2>\n\n\n\n<div class=\"wp-block-cover alignfull\" style=\"min-height:472px\"><span aria-hidden=\"true\" class=\"wp-block-cover__background has-nv-light-bg-background-color has-background-dim-100 has-background-dim\"><\/span><div class=\"wp-block-cover__inner-container is-layout-flow wp-block-cover-is-layout-flow\">\n<div class=\"wp-block-group is-layout-flow wp-block-group-is-layout-flow\"><div class=\"wp-block-group__inner-container\">\n<div class=\"wp-block-columns are-vertically-aligned-center is-layout-flex wp-container-core-columns-layout-1 wp-block-columns-is-layout-flex\">\n<div class=\"wp-block-column is-vertically-aligned-center is-layout-flow wp-block-column-is-layout-flow\" style=\"flex-basis:50%\"><div class=\"wp-block-image is-resized\">\n<figure class=\"alignleft size-large\"><img loading=\"lazy\" decoding=\"async\" width=\"1024\" height=\"768\" src=\"https:\/\/grabtheflag.com\/wp-content\/uploads\/2022\/11\/Paul-scaled-1-1024x768.jpg\" alt=\"\" class=\"wp-image-129\" srcset=\"https:\/\/grabtheflag.com\/wp-content\/uploads\/2022\/11\/Paul-scaled-1-1024x768.jpg 1024w, https:\/\/grabtheflag.com\/wp-content\/uploads\/2022\/11\/Paul-scaled-1-300x225.jpg 300w, https:\/\/grabtheflag.com\/wp-content\/uploads\/2022\/11\/Paul-scaled-1-768x576.jpg 768w, https:\/\/grabtheflag.com\/wp-content\/uploads\/2022\/11\/Paul-scaled-1-1536x1152.jpg 1536w, https:\/\/grabtheflag.com\/wp-content\/uploads\/2022\/11\/Paul-scaled-1-2048x1536.jpg 2048w, https:\/\/grabtheflag.com\/wp-content\/uploads\/2022\/11\/Paul-scaled-1-16x12.jpg 16w\" sizes=\"(max-width: 1024px) 100vw, 1024px\" \/><\/figure><\/div><\/div>\n\n\n\n<div class=\"wp-block-column is-vertically-aligned-center is-layout-flow wp-block-column-is-layout-flow\" style=\"flex-basis:50%\">\n<h2 class=\"wp-block-heading has-neve-text-color-color has-text-color\">Paul Strugalla<\/h2>\n\n\n\n<p class=\"has-neve-text-color-color has-text-color has-medium-font-size\">1. Vorstand<br>#51 &#8211; Yamaha SR500<br>#151 &#8211; Ducati Scrambler 500<\/p>\n\n\n\n<p class=\"has-neve-text-color-color has-text-color\">GrabTheFlag Fahrer seit 1994 dabei, damals schon Zeitnehmer, dann technische Abnahme und schon immer schnell. Bei Fragen hat er immer ein offenes Ohr (au wennschd de ondword ofd ned vasdehschd)<\/p>\n<\/div>\n<\/div>\n<\/div><\/div>\n<\/div><\/div>\n\n\n\n<div class=\"wp-block-cover alignfull\" style=\"min-height:450px\"><span aria-hidden=\"true\" class=\"wp-block-cover__background has-nv-dark-bg-background-color has-background-dim-100 has-background-dim\"><\/span><div class=\"wp-block-cover__inner-container is-layout-flow wp-block-cover-is-layout-flow\">\n<div class=\"wp-block-group is-layout-flow wp-block-group-is-layout-flow\"><div class=\"wp-block-group__inner-container\">\n<div class=\"wp-block-columns is-layout-flex wp-container-core-columns-layout-2 wp-block-columns-is-layout-flex\">\n<div class=\"wp-block-column is-vertically-aligned-center is-layout-flow wp-block-column-is-layout-flow\" style=\"flex-basis:50%\">\n<h2 class=\"wp-block-heading has-nv-site-bg-color has-text-color\">Holger Fliessbach<\/h2>\n\n\n\n<p class=\"has-nv-site-bg-color has-text-color has-medium-font-size\">2. Vorstand\/Schriftf\u00fchrer<br>27-Moto Guzzi 750 S3<br><\/p>\n\n\n\n<p class=\"has-nv-site-bg-color has-text-color\">F\u00e4hrt seit 20 Jahren bei Grab the Flag mit seiner Guzzi im Gulf Design. Faires Racing und der Zusammenhalt untereinander sind f\u00fcr ihn das Besondere an GtF, das musste einfach weiter leben!<\/p>\n<\/div>\n\n\n\n<div class=\"wp-block-column is-vertically-aligned-top is-layout-flow wp-block-column-is-layout-flow\" style=\"flex-basis:50%\"><div class=\"wp-block-image is-resized is-style-default\">\n<figure class=\"alignleft size-full\"><img loading=\"lazy\" decoding=\"async\" width=\"427\" height=\"640\" src=\"https:\/\/grabtheflag.com\/wp-content\/uploads\/2023\/01\/2GS_3322.jpeg\" alt=\"\" class=\"wp-image-373\" style=\"width:347px;height:auto\" srcset=\"https:\/\/grabtheflag.com\/wp-content\/uploads\/2023\/01\/2GS_3322.jpeg 427w, https:\/\/grabtheflag.com\/wp-content\/uploads\/2023\/01\/2GS_3322-200x300.jpeg 200w, https:\/\/grabtheflag.com\/wp-content\/uploads\/2023\/01\/2GS_3322-8x12.jpeg 8w\" sizes=\"(max-width: 427px) 100vw, 427px\" \/><\/figure><\/div><\/div>\n<\/div>\n<\/div><\/div>\n<\/div><\/div>\n\n\n\n<div class=\"wp-block-cover alignfull\" style=\"min-height:489px\"><span aria-hidden=\"true\" class=\"wp-block-cover__background has-nv-site-bg-background-color has-background-dim-100 has-background-dim\"><\/span><div class=\"wp-block-cover__inner-container is-layout-flow wp-block-cover-is-layout-flow\">\n<div class=\"wp-block-group is-layout-flow wp-block-group-is-layout-flow\"><div class=\"wp-block-group__inner-container\">\n<div class=\"wp-block-columns is-layout-flex wp-container-core-columns-layout-3 wp-block-columns-is-layout-flex\">\n<div class=\"wp-block-column is-vertically-aligned-center is-layout-flow wp-block-column-is-layout-flow\" style=\"flex-basis:50%\">\n<h2 class=\"wp-block-heading has-nv-dark-bg-color has-text-color\">Alex (Ali) M\u00fcllejans<\/h2>\n\n\n\n<p class=\"has-nv-dark-bg-color has-text-color has-medium-font-size\">3. Vorstand\/Kassenwart<br>#60 &#8211; NSU Max \/ #57 &#8211; BMW R 51\/3<\/p>\n\n\n\n<p class=\"has-nv-dark-bg-color has-text-color\">Immer am optimieren seiner NSU, wenn die Lederkombi zu stramm sitzt muss das Mopped halt mehr Leistung haben \ud83d\ude09<\/p>\n<\/div>\n\n\n\n<div class=\"wp-block-column is-vertically-aligned-top is-layout-flow wp-block-column-is-layout-flow\" style=\"flex-basis:50%\">\n<figure class=\"wp-block-image size-large is-resized\"><img loading=\"lazy\" decoding=\"async\" width=\"768\" height=\"1024\" src=\"https:\/\/grabtheflag.com\/wp-content\/uploads\/2022\/12\/DSC02245-rotated-1-768x1024.jpeg\" alt=\"\" class=\"wp-image-166\" style=\"width:349px;height:auto\" srcset=\"https:\/\/grabtheflag.com\/wp-content\/uploads\/2022\/12\/DSC02245-rotated-1-768x1024.jpeg 768w, https:\/\/grabtheflag.com\/wp-content\/uploads\/2022\/12\/DSC02245-rotated-1-225x300.jpeg 225w, https:\/\/grabtheflag.com\/wp-content\/uploads\/2022\/12\/DSC02245-rotated-1-9x12.jpeg 9w, https:\/\/grabtheflag.com\/wp-content\/uploads\/2022\/12\/DSC02245-rotated-1.jpeg 960w\" sizes=\"(max-width: 768px) 100vw, 768px\" \/><\/figure>\n<\/div>\n<\/div>\n<\/div><\/div>\n<\/div><\/div>\n\n\n\n<div class=\"wp-block-cover alignfull\" style=\"min-height:529px\"><span aria-hidden=\"true\" class=\"wp-block-cover__background has-nv-light-bg-background-color has-background-dim-100 has-background-dim\"><\/span><div class=\"wp-block-cover__inner-container is-layout-flow wp-block-cover-is-layout-flow\">\n<div class=\"wp-block-group is-layout-flow wp-block-group-is-layout-flow\"><div class=\"wp-block-group__inner-container\">\n<div class=\"wp-block-columns is-layout-flex wp-container-core-columns-layout-4 wp-block-columns-is-layout-flex\">\n<div class=\"wp-block-column is-vertically-aligned-top is-layout-flow wp-block-column-is-layout-flow\" style=\"flex-basis:50%\">\n<figure class=\"wp-block-image size-large is-resized\"><img loading=\"lazy\" decoding=\"async\" width=\"697\" height=\"1024\" src=\"https:\/\/grabtheflag.com\/wp-content\/uploads\/2023\/01\/Angelika_Mugello_2-697x1024.jpg\" alt=\"\" class=\"wp-image-375\" style=\"width:344px;height:auto\" srcset=\"https:\/\/grabtheflag.com\/wp-content\/uploads\/2023\/01\/Angelika_Mugello_2-697x1024.jpg 697w, https:\/\/grabtheflag.com\/wp-content\/uploads\/2023\/01\/Angelika_Mugello_2-204x300.jpg 204w, https:\/\/grabtheflag.com\/wp-content\/uploads\/2023\/01\/Angelika_Mugello_2-768x1128.jpg 768w, https:\/\/grabtheflag.com\/wp-content\/uploads\/2023\/01\/Angelika_Mugello_2-1045x1536.jpg 1045w, https:\/\/grabtheflag.com\/wp-content\/uploads\/2023\/01\/Angelika_Mugello_2-8x12.jpg 8w, https:\/\/grabtheflag.com\/wp-content\/uploads\/2023\/01\/Angelika_Mugello_2.jpg 1078w\" sizes=\"(max-width: 697px) 100vw, 697px\" \/><\/figure>\n<\/div>\n\n\n\n<div class=\"wp-block-column is-vertically-aligned-center is-layout-flow wp-block-column-is-layout-flow\" style=\"flex-basis:50%\">\n<h2 class=\"wp-block-heading has-neve-text-color-color has-text-color\">Angelika Greil<\/h2>\n\n\n\n<p class=\"has-neve-text-color-color has-text-color has-medium-font-size\">Backoffice<\/p>\n\n\n\n<p class=\"has-neve-text-color-color has-text-color\">Ich finde das Gtf Format genial. Auch wenn ich nicht mehr selber fahre, bin ich gerne ein Teil davon<strong>.<\/strong><\/p>\n<\/div>\n<\/div>\n<\/div><\/div>\n<\/div><\/div>\n\n\n\n<div class=\"wp-block-cover alignfull\" style=\"min-height:591px\"><span aria-hidden=\"true\" class=\"wp-block-cover__background has-nv-dark-bg-background-color has-background-dim-100 has-background-dim\"><\/span><div class=\"wp-block-cover__inner-container is-layout-flow wp-block-cover-is-layout-flow\">\n<div class=\"wp-block-group is-layout-flow wp-block-group-is-layout-flow\"><div class=\"wp-block-group__inner-container\">\n<div class=\"wp-block-columns are-vertically-aligned-center is-layout-flex wp-container-core-columns-layout-5 wp-block-columns-is-layout-flex\">\n<div class=\"wp-block-column is-vertically-aligned-center is-layout-flow wp-block-column-is-layout-flow\" style=\"flex-basis:50%\">\n<h2 class=\"wp-block-heading has-nv-text-dark-bg-color has-text-color\">Sebastian (Wasti) Gutsch<\/h2>\n\n\n\n<p class=\"has-neve-link-hover-color-color has-text-color has-link-color has-medium-font-size wp-elements-9100f4e65efa7a81eed936f14a18a9ae\">Technik und Reglement<br>#1 &#8211; BMW<\/p>\n\n\n\n<p class=\"has-nv-text-dark-bg-color has-text-color\">Die wohl schnellste Vorkriegs-BMW. Da m\u00fcssen sich die Nortons warm anziehen.<\/p>\n<\/div>\n\n\n\n<div class=\"wp-block-column is-vertically-aligned-center is-layout-flow wp-block-column-is-layout-flow\" style=\"flex-basis:50%\">\n<figure class=\"wp-block-image size-large is-resized\"><img loading=\"lazy\" decoding=\"async\" width=\"1024\" height=\"683\" src=\"https:\/\/grabtheflag.com\/wp-content\/uploads\/2023\/02\/Wasti14_Web-1024x683.jpg\" alt=\"\" class=\"wp-image-502\" style=\"width:567px;height:auto\" srcset=\"https:\/\/grabtheflag.com\/wp-content\/uploads\/2023\/02\/Wasti14_Web-1024x683.jpg 1024w, https:\/\/grabtheflag.com\/wp-content\/uploads\/2023\/02\/Wasti14_Web-300x200.jpg 300w, https:\/\/grabtheflag.com\/wp-content\/uploads\/2023\/02\/Wasti14_Web-768x512.jpg 768w, https:\/\/grabtheflag.com\/wp-content\/uploads\/2023\/02\/Wasti14_Web-1536x1024.jpg 1536w, https:\/\/grabtheflag.com\/wp-content\/uploads\/2023\/02\/Wasti14_Web-2048x1365.jpg 2048w, https:\/\/grabtheflag.com\/wp-content\/uploads\/2023\/02\/Wasti14_Web-18x12.jpg 18w, https:\/\/grabtheflag.com\/wp-content\/uploads\/2023\/02\/Wasti14_Web-930x620.jpg 930w\" sizes=\"(max-width: 1024px) 100vw, 1024px\" \/><\/figure>\n<\/div>\n<\/div>\n<\/div><\/div>\n<\/div><\/div>\n\n\n\n<div class=\"wp-block-cover alignfull\" style=\"min-height:514px\"><span aria-hidden=\"true\" class=\"wp-block-cover__background has-nv-dark-bg-background-color has-background-dim-100 has-background-dim\"><\/span><div class=\"wp-block-cover__inner-container is-layout-flow wp-block-cover-is-layout-flow\">\n<div class=\"wp-block-group is-layout-flow wp-block-group-is-layout-flow\"><div class=\"wp-block-group__inner-container\">\n<div class=\"wp-block-columns are-vertically-aligned-center is-layout-flex wp-container-core-columns-layout-6 wp-block-columns-is-layout-flex\">\n<div class=\"wp-block-column is-vertically-aligned-center is-layout-flow wp-block-column-is-layout-flow\" style=\"flex-basis:50%\">\n<figure class=\"wp-block-image size-large is-resized\"><img loading=\"lazy\" decoding=\"async\" width=\"1024\" height=\"685\" src=\"https:\/\/grabtheflag.com\/wp-content\/uploads\/2022\/12\/bild-10-1024x685.jpg\" alt=\"\" class=\"wp-image-304\" style=\"width:532px;height:auto\" srcset=\"https:\/\/grabtheflag.com\/wp-content\/uploads\/2022\/12\/bild-10-1024x685.jpg 1024w, https:\/\/grabtheflag.com\/wp-content\/uploads\/2022\/12\/bild-10-300x201.jpg 300w, https:\/\/grabtheflag.com\/wp-content\/uploads\/2022\/12\/bild-10-768x514.jpg 768w, https:\/\/grabtheflag.com\/wp-content\/uploads\/2022\/12\/bild-10-18x12.jpg 18w, https:\/\/grabtheflag.com\/wp-content\/uploads\/2022\/12\/bild-10.jpg 1440w\" sizes=\"(max-width: 1024px) 100vw, 1024px\" \/><\/figure>\n<\/div>\n\n\n\n<div class=\"wp-block-column is-vertically-aligned-center is-layout-flow wp-block-column-is-layout-flow\" style=\"flex-basis:50%\">\n<h2 class=\"wp-block-heading has-nv-text-dark-bg-color has-text-color\">Tino Wagensohn<\/h2>\n\n\n\n<p class=\"has-medium-font-size\">techn. Abnahme<br>#61 &#8211; Ducati 750 \/ #616 &#8211; Kawasaki 750<\/p>\n\n\n\n<p class=\"has-nv-text-dark-bg-color has-text-color\">Einer von den jungen Wilden, die den Alten zeigen wo das Gas ist.<\/p>\n<\/div>\n<\/div>\n<\/div><\/div>\n\n\n\n<p><\/p>\n<\/div><\/div>\n\n\n\n<div class=\"wp-block-cover alignfull\" style=\"min-height:507px\"><span aria-hidden=\"true\" class=\"wp-block-cover__background has-nv-site-bg-background-color has-background-dim-100 has-background-dim\"><\/span><div class=\"wp-block-cover__inner-container is-layout-flow wp-block-cover-is-layout-flow\">\n<div class=\"wp-block-group is-layout-flow wp-block-group-is-layout-flow\"><div class=\"wp-block-group__inner-container\">\n<div class=\"wp-block-columns are-vertically-aligned-center is-layout-flex wp-container-core-columns-layout-7 wp-block-columns-is-layout-flex\">\n<div class=\"wp-block-column is-vertically-aligned-center is-layout-flow wp-block-column-is-layout-flow\" style=\"flex-basis:50%\">\n<figure class=\"wp-block-image size-large is-resized\"><img loading=\"lazy\" decoding=\"async\" width=\"768\" height=\"1024\" src=\"https:\/\/grabtheflag.com\/wp-content\/uploads\/2023\/03\/Sepp2-768x1024.jpg\" alt=\"\" class=\"wp-image-551\" style=\"width:447px;height:auto\" srcset=\"https:\/\/grabtheflag.com\/wp-content\/uploads\/2023\/03\/Sepp2-768x1024.jpg 768w, https:\/\/grabtheflag.com\/wp-content\/uploads\/2023\/03\/Sepp2-225x300.jpg 225w, https:\/\/grabtheflag.com\/wp-content\/uploads\/2023\/03\/Sepp2-1152x1536.jpg 1152w, https:\/\/grabtheflag.com\/wp-content\/uploads\/2023\/03\/Sepp2-1536x2048.jpg 1536w, https:\/\/grabtheflag.com\/wp-content\/uploads\/2023\/03\/Sepp2-9x12.jpg 9w, https:\/\/grabtheflag.com\/wp-content\/uploads\/2023\/03\/Sepp2-scaled.jpg 1920w\" sizes=\"(max-width: 768px) 100vw, 768px\" \/><\/figure>\n<\/div>\n\n\n\n<div class=\"wp-block-column is-vertically-aligned-center is-layout-flow wp-block-column-is-layout-flow\" style=\"flex-basis:50%\">\n<h2 class=\"wp-block-heading has-neve-text-color-color has-text-color\">Sepp Koch<\/h2>\n\n\n\n<p class=\"has-nv-dark-bg-color has-text-color has-medium-font-size\">techn. Abnahme<br>#80 &#8211; Yamaha TR1<\/p>\n\n\n\n<p class=\"has-nv-dark-bg-color has-text-color\">Battle Of Twins Legende, zusammen mit seinem Sohn immer vorne dabei.<\/p>\n<\/div>\n<\/div>\n<\/div><\/div>\n<\/div><\/div>\n\n\n\n<div class=\"wp-block-cover alignfull\" style=\"min-height:522px\"><span aria-hidden=\"true\" class=\"wp-block-cover__background has-nv-light-bg-background-color has-background-dim-100 has-background-dim\"><\/span><div class=\"wp-block-cover__inner-container is-layout-flow wp-block-cover-is-layout-flow\">\n<div class=\"wp-block-group is-layout-flow wp-block-group-is-layout-flow\"><div class=\"wp-block-group__inner-container\">\n<div class=\"wp-block-columns are-vertically-aligned-center is-layout-flex wp-container-core-columns-layout-8 wp-block-columns-is-layout-flex\">\n<div class=\"wp-block-column is-vertically-aligned-center is-layout-flow wp-block-column-is-layout-flow\" style=\"flex-basis:50%\">\n<h2 class=\"wp-block-heading has-neve-text-color-color has-text-color\">Michael (Mike) Bei\u00df<\/h2>\n\n\n\n<p class=\"has-neve-text-color-color has-text-color has-medium-font-size\">Website<br>#144 &#8211; Yamaha SR500<\/p>\n\n\n\n<p class=\"has-neve-text-color-color has-text-color\">Nicht so schnell aber daf\u00fcr mit um so mehr Spa\u00df &#8211; in Eltern(aus)zeit<\/p>\n<\/div>\n\n\n\n<div class=\"wp-block-column is-vertically-aligned-center is-layout-flow wp-block-column-is-layout-flow\" style=\"flex-basis:50%\">\n<figure class=\"wp-block-image size-large\"><img loading=\"lazy\" decoding=\"async\" width=\"1024\" height=\"768\" src=\"http:\/\/grabtheflag.com\/wp-content\/uploads\/2022\/11\/signal-2021-09-29-094126-1024x768.jpg\" alt=\"\" class=\"wp-image-130\" srcset=\"https:\/\/grabtheflag.com\/wp-content\/uploads\/2022\/11\/signal-2021-09-29-094126-1024x768.jpg 1024w, https:\/\/grabtheflag.com\/wp-content\/uploads\/2022\/11\/signal-2021-09-29-094126-300x225.jpg 300w, https:\/\/grabtheflag.com\/wp-content\/uploads\/2022\/11\/signal-2021-09-29-094126-768x576.jpg 768w, https:\/\/grabtheflag.com\/wp-content\/uploads\/2022\/11\/signal-2021-09-29-094126-1536x1152.jpg 1536w, https:\/\/grabtheflag.com\/wp-content\/uploads\/2022\/11\/signal-2021-09-29-094126-16x12.jpg 16w, https:\/\/grabtheflag.com\/wp-content\/uploads\/2022\/11\/signal-2021-09-29-094126.jpg 2048w\" sizes=\"(max-width: 1024px) 100vw, 1024px\" \/><\/figure>\n<\/div>\n<\/div>\n<\/div><\/div>\n<\/div><\/div>\n\n\n\n<div class=\"wp-block-group is-layout-flow wp-block-group-is-layout-flow\"><div class=\"wp-block-group__inner-container\">\n<div class=\"wp-block-columns are-vertically-aligned-center is-layout-flex wp-container-core-columns-layout-9 wp-block-columns-is-layout-flex\">\n<div class=\"wp-block-column is-vertically-aligned-center is-layout-flow wp-block-column-is-layout-flow\" style=\"flex-basis:50%\">\n<figure class=\"wp-block-image size-full is-resized\"><img loading=\"lazy\" decoding=\"async\" width=\"307\" height=\"409\" src=\"https:\/\/grabtheflag.com\/wp-content\/uploads\/2024\/05\/grafik.png\" alt=\"\" class=\"wp-image-686\" style=\"width:444px;height:auto\" srcset=\"https:\/\/grabtheflag.com\/wp-content\/uploads\/2024\/05\/grafik.png 307w, https:\/\/grabtheflag.com\/wp-content\/uploads\/2024\/05\/grafik-225x300.png 225w, https:\/\/grabtheflag.com\/wp-content\/uploads\/2024\/05\/grafik-9x12.png 9w\" sizes=\"(max-width: 307px) 100vw, 307px\" \/><\/figure>\n<\/div>\n\n\n\n<div class=\"wp-block-column is-vertically-aligned-center is-layout-flow wp-block-column-is-layout-flow\" style=\"flex-basis:50%\">\n<h2 class=\"wp-block-heading has-neve-text-color-color has-text-color\">Klaus Ottillinger<\/h2>\n\n\n\n<p class=\"has-nv-dark-bg-color has-text-color has-medium-font-size\">techn. Abnahme und Reglement<br>#3 BMW R5 \/ #45 UNO-Rotax oder Yamaha SR500<\/p>\n\n\n\n<p class=\"has-nv-dark-bg-color has-text-color\">Er f\u00e4hrt einfach wahnsinnig gerne im Kreis.<\/p>\n<\/div>\n<\/div>\n<\/div><\/div>","protected":false},"excerpt":{"rendered":"<p>GRAB THE FLAG Racing Wie alles begann. Mit dem ersten Betriebsausflug der Motorradwerkstatt aus der Schwabinger Steinheilstra\u00dfe zum \u201eOldtimer Grand Prix\u201c 1979 auf dem Salzburgring entdeckten Heinz-Peter Stark und Dirk M\u00f6ller ein neues Bet\u00e4tigungsfeld. Besonders anspruchsvoll waren ja die WM-Strecken in Salzburg und Hockenheim nicht gerade, aber es gab damals eben noch keine anderen Veranstaltungen&hellip;&nbsp;<a href=\"https:\/\/grabtheflag.com\/en\/ueber\/\" class=\"\" rel=\"bookmark\">Read More &raquo;<span class=\"screen-reader-text\">About Us<\/span><\/a><\/p>","protected":false},"author":5,"featured_media":0,"parent":0,"menu_order":0,"comment_status":"closed","ping_status":"closed","template":"","meta":{"neve_meta_sidebar":"","neve_meta_container":"","neve_meta_enable_content_width":"on","neve_meta_content_width":100,"neve_meta_title_alignment":"","neve_meta_author_avatar":"","neve_post_elements_order":"","neve_meta_disable_header":"","neve_meta_disable_footer":"","neve_meta_disable_title":"on","footnotes":""},"_links":{"self":[{"href":"https:\/\/grabtheflag.com\/en\/wp-json\/wp\/v2\/pages\/181"}],"collection":[{"href":"https:\/\/grabtheflag.com\/en\/wp-json\/wp\/v2\/pages"}],"about":[{"href":"https:\/\/grabtheflag.com\/en\/wp-json\/wp\/v2\/types\/page"}],"author":[{"embeddable":true,"href":"https:\/\/grabtheflag.com\/en\/wp-json\/wp\/v2\/users\/5"}],"replies":[{"embeddable":true,"href":"https:\/\/grabtheflag.com\/en\/wp-json\/wp\/v2\/comments?post=181"}],"version-history":[{"count":32,"href":"https:\/\/grabtheflag.com\/en\/wp-json\/wp\/v2\/pages\/181\/revisions"}],"predecessor-version":[{"id":871,"href":"https:\/\/grabtheflag.com\/en\/wp-json\/wp\/v2\/pages\/181\/revisions\/871"}],"wp:attachment":[{"href":"https:\/\/grabtheflag.com\/en\/wp-json\/wp\/v2\/media?parent=181"}],"curies":[{"name":"wp","href":"https:\/\/api.w.org\/{rel}","templated":true}]}}