{"id":186,"date":"2022-11-27T16:24:35","date_gmt":"2022-11-27T15:24:35","guid":{"rendered":"https:\/\/heartofgold.mooo.com\/gtf_test\/?page_id=96"},"modified":"2026-01-30T20:43:29","modified_gmt":"2026-01-30T20:43:29","slug":"downloads","status":"publish","type":"page","link":"https:\/\/grabtheflag.com\/en\/downloads\/","title":{"rendered":"Downloads &amp; Links"},"content":{"rendered":"<div class=\"wp-block-cover alignfull has-large-font-size\" style=\"min-height:385px\"><span aria-hidden=\"true\" class=\"wp-block-cover__background has-neve-text-color-background-color has-background-dim-60 has-background-dim\"><\/span><img loading=\"lazy\" decoding=\"async\" width=\"1280\" height=\"960\" class=\"wp-block-cover__image-background wp-image-468\" alt=\"\" src=\"https:\/\/grabtheflag.com\/wp-content\/uploads\/2023\/02\/P1010528_blurr.jpeg\" style=\"object-position:46% 50%\" data-object-fit=\"cover\" data-object-position=\"46% 50%\" srcset=\"https:\/\/grabtheflag.com\/wp-content\/uploads\/2023\/02\/P1010528_blurr.jpeg 1280w, https:\/\/grabtheflag.com\/wp-content\/uploads\/2023\/02\/P1010528_blurr-300x225.jpeg 300w, https:\/\/grabtheflag.com\/wp-content\/uploads\/2023\/02\/P1010528_blurr-1024x768.jpeg 1024w, https:\/\/grabtheflag.com\/wp-content\/uploads\/2023\/02\/P1010528_blurr-768x576.jpeg 768w, https:\/\/grabtheflag.com\/wp-content\/uploads\/2023\/02\/P1010528_blurr-16x12.jpeg 16w\" sizes=\"(max-width: 1280px) 100vw, 1280px\" \/><div class=\"wp-block-cover__inner-container is-layout-flow wp-block-cover-is-layout-flow\">\n<h1 class=\"wp-block-heading has-text-align-center has-nv-site-bg-color has-text-color\">Downloads &amp; Links<\/h1>\n<\/div><\/div>\n\n\n\n<div style=\"height:18px\" aria-hidden=\"true\" class=\"wp-block-spacer\"><\/div>\n\n\n\n<p>Hier findest Du alle Dokumente zum Download und Links. F\u00fcr die englische Version schalte die Sprache im Men\u00fc um.<br>Here you will find all the documents for download and links. For the english version of the documents switch the language in the menu.<\/p>\n\n\n\n<p>Only for Event N\u00fcrburgring<\/p>\n\n\n\n<div class=\"wp-block-buttons is-content-justification-center is-layout-flex wp-container-core-buttons-layout-1 wp-block-buttons-is-layout-flex\">\n<div class=\"wp-block-button has-custom-width wp-block-button__width-50 is-style-primary\"><a class=\"wp-block-button__link wp-element-button\" href=\"https:\/\/grabtheflag.com\/wp-content\/uploads\/2026\/01\/20261215_Entry-Form_HISTORIC-MOTORCYCLE-AND-RACING-BIKES-2026_rev.05.pdf\" target=\"_blank\" rel=\"noreferrer noopener\">Registration Form N\u00fcrburgring<\/a><\/div>\n\n\n\n<div class=\"wp-block-button has-custom-width wp-block-button__width-50 is-style-primary\"><a class=\"wp-block-button__link wp-element-button\" href=\"https:\/\/grabtheflag.com\/wp-content\/uploads\/2026\/01\/Infoblatt-2-OGP-2026.pdf\" target=\"_blank\" rel=\"noreferrer noopener\">Newsletter N\u00fcrburgring<\/a><\/div>\n\n\n\n<div class=\"wp-block-button has-custom-width wp-block-button__width-50 is-style-primary\"><a class=\"wp-block-button__link wp-element-button\" href=\"https:\/\/grabtheflag.com\/wp-content\/uploads\/2026\/01\/OGP_2026_Flyer_rev.03.pdf\" target=\"_blank\" rel=\"noreferrer noopener\">Flyer N\u00fcrburgring<\/a><\/div>\n\n\n\n<div class=\"wp-block-button has-custom-width wp-block-button__width-50 is-style-primary\"><a class=\"wp-block-button__link wp-element-button\" href=\"https:\/\/grabtheflag.com\/wp-content\/uploads\/2026\/01\/Lageplan-F5.pdf\" target=\"_blank\" rel=\"noreferrer noopener\">Map N\u00fcrburgring<\/a><\/div>\n<\/div>\n\n\n\n<hr class=\"wp-block-separator has-alpha-channel-opacity\"\/>\n\n\n\n<p>All other documents:<\/p>\n\n\n\n<div class=\"wp-block-buttons is-content-justification-center is-layout-flex wp-container-core-buttons-layout-2 wp-block-buttons-is-layout-flex\">\n<div class=\"wp-block-button has-custom-width wp-block-button__width-50 is-style-primary\"><a class=\"wp-block-button__link wp-element-button\" href=\"https:\/\/grabtheflag.com\/wp-content\/uploads\/2025\/12\/Registration-Form_01_26.pdf\" target=\"_blank\" rel=\"noreferrer noopener\">Registration Form and Participation Rules <\/a><\/div>\n\n\n\n<div class=\"wp-block-button has-custom-width wp-block-button__width-50 is-style-primary\"><a class=\"wp-block-button__link wp-element-button\" href=\"https:\/\/grabtheflag.com\/wp-content\/uploads\/2025\/12\/Regulations_01_26.pdf\" target=\"_blank\" rel=\"noreferrer noopener\">Regulations<\/a><\/div>\n\n\n\n<div class=\"wp-block-button has-custom-width wp-block-button__width-50 is-style-primary\"><a class=\"wp-block-button__link wp-element-button\" href=\"https:\/\/grabtheflag.com\/wp-content\/uploads\/2025\/12\/application-f.-membership_01_26.pdf\" style=\"border-radius:0px\" target=\"_blank\" rel=\"noreferrer noopener\">Membership application<\/a><\/div>\n\n\n\n<div class=\"wp-block-button has-custom-width wp-block-button__width-50 is-style-primary\"><a class=\"wp-block-button__link wp-element-button\" href=\"https:\/\/grabtheflag.com\/wp-content\/uploads\/2025\/12\/Fees_01_26.pdf\" style=\"border-radius:0px\" target=\"_blank\" rel=\"noreferrer noopener\">Fees<\/a><\/div>\n\n\n\n<div class=\"wp-block-button has-custom-width wp-block-button__width-50 is-style-primary\"><a class=\"wp-block-button__link wp-element-button\" href=\"https:\/\/grabtheflag.com\/wp-content\/uploads\/2022\/12\/Gtf-Satzung-2.12.22-ohne-Signaturen.pdf\" style=\"border-radius:0px\" target=\"_blank\" rel=\"noreferrer noopener\">Articles of association<\/a><\/div>\n\n\n\n<div class=\"wp-block-button has-custom-width wp-block-button__width-50 is-style-primary\"><a class=\"wp-block-button__link wp-element-button\" href=\"https:\/\/grabtheflag.com\/wp-content\/uploads\/2025\/12\/Checklist-Techn.-Inspection_01_26.pdf\" style=\"border-radius:0px\" target=\"_blank\" rel=\"noreferrer noopener\">Checklist for technical inspection<\/a><\/div>\n\n\n\n<div class=\"wp-block-button has-custom-width wp-block-button__width-50 is-style-primary\"><a class=\"wp-block-button__link wp-element-button\" href=\"https:\/\/grabtheflag.com\/wp-content\/uploads\/2025\/12\/STATEMENT-OF-TAKING-PERSONAL-RESPONSIBILITY-2025.pdf\" style=\"border-radius:0px\" target=\"_blank\" rel=\"noreferrer noopener\">Statement Grobnik<\/a><\/div>\n<\/div>\n\n\n\n<hr class=\"wp-block-separator has-alpha-channel-opacity\"\/>\n\n\n\n<p>Documents in french language:<\/p>\n\n\n\n<div class=\"wp-block-buttons is-content-justification-center is-layout-flex wp-container-core-buttons-layout-3 wp-block-buttons-is-layout-flex\">\n<div class=\"wp-block-button has-custom-width wp-block-button__width-50 is-style-primary\"><a class=\"wp-block-button__link wp-element-button\" href=\"https:\/\/grabtheflag.com\/wp-content\/uploads\/2025\/12\/Cotisations-Frais_01_26.pdf\" style=\"border-radius:0px\" target=\"_blank\" rel=\"noreferrer noopener\">Frais (french)<\/a><\/div>\n\n\n\n<div class=\"wp-block-button has-custom-width wp-block-button__width-50 is-style-primary\"><a class=\"wp-block-button__link wp-element-button\" href=\"https:\/\/grabtheflag.com\/wp-content\/uploads\/2025\/12\/Reglement_01_26.pdf\" style=\"border-radius:0px\" target=\"_blank\" rel=\"noreferrer noopener\">R\u00e8glement (french)<\/a><\/div>\n\n\n\n<div class=\"wp-block-button has-custom-width wp-block-button__width-50 is-style-primary\"><a class=\"wp-block-button__link wp-element-button\" href=\"https:\/\/grabtheflag.com\/wp-content\/uploads\/2025\/12\/Formulaire-Inscription_01_26.pdf\" style=\"border-radius:0px\" target=\"_blank\" rel=\"noreferrer noopener\">Inscription (french)<\/a><\/div>\n\n\n\n<div class=\"wp-block-button has-custom-width wp-block-button__width-50 is-style-primary\"><a class=\"wp-block-button__link wp-element-button\" href=\"https:\/\/grabtheflag.com\/wp-content\/uploads\/2025\/12\/Demande-Adhesion_01_26.pdf\" style=\"border-radius:0px\" target=\"_blank\" rel=\"noreferrer noopener\">Demande d&#8217;adh\u00e9sion (french)<\/a><\/div>\n\n\n\n<div class=\"wp-block-button has-custom-width wp-block-button__width-50 is-style-primary\"><a class=\"wp-block-button__link wp-element-button\" href=\"https:\/\/grabtheflag.com\/wp-content\/uploads\/2025\/12\/Checklist-Controle-Technique_01_26.pdf\" style=\"border-radius:0px\" target=\"_blank\" rel=\"noreferrer noopener\">Check-list contr\u00f4le technique (french)<\/a><\/div>\n<\/div>\n\n\n\n<hr class=\"wp-block-separator has-alpha-channel-opacity\"\/>\n\n\n\n<p>The results of past events can be found on the <a href=\"https:\/\/speedhive.mylaps.com\/Organizations\/120290\" target=\"_blank\" rel=\"noreferrer noopener\">Mylaps<\/a> Website. The up to date CUP results can be found <a href=\"https:\/\/grabtheflag.com\/wp-content\/uploads\/2024\/11\/CUP-Wertung_2024.pdf\" data-type=\"attachment\" data-id=\"737\">here.<\/a><\/p>\n\n\n\n<p>Here <a href=\"https:\/\/www.unfallversicherung-rennstrecke.de\/\">https:\/\/www.unfallversicherung-rennstrecke.de\/<\/a> you will find <strong>a motorsport accident insurance<\/strong> (for car or motorcycle) on racetracks for licensed drivers\/professionals, or for participants in non-licensed motorsport events. You can take out a daily policy or an annual policy here. The premium depends on the chosen scope of cover. \nPlease address inquiries exclusively to the insurance company; we cannot provide you with any information regarding the insurance.<\/p>","protected":false},"excerpt":{"rendered":"<p>Hier findest Du alle Dokumente zum Download und Links. F\u00fcr die englische Version schalte die Sprache im Men\u00fc um.Here you will find all the documents for download and links. For the english version of the documents switch the language in the menu. Nur f\u00fcr Event N\u00fcrburgring: Alle anderen Dokumente: Dokumente in franz\u00f6sischer Sprache: Die Ergebnisse&hellip;&nbsp;<a href=\"https:\/\/grabtheflag.com\/en\/downloads\/\" class=\"\" rel=\"bookmark\">Read More &raquo;<span class=\"screen-reader-text\">Downloads &amp; Links<\/span><\/a><\/p>","protected":false},"author":5,"featured_media":0,"parent":0,"menu_order":0,"comment_status":"closed","ping_status":"closed","template":"","meta":{"neve_meta_sidebar":"","neve_meta_container":"","neve_meta_enable_content_width":"","neve_meta_content_width":0,"neve_meta_title_alignment":"","neve_meta_author_avatar":"","neve_post_elements_order":"","neve_meta_disable_header":"","neve_meta_disable_footer":"","neve_meta_disable_title":"","footnotes":""},"_links":{"self":[{"href":"https:\/\/grabtheflag.com\/en\/wp-json\/wp\/v2\/pages\/186"}],"collection":[{"href":"https:\/\/grabtheflag.com\/en\/wp-json\/wp\/v2\/pages"}],"about":[{"href":"https:\/\/grabtheflag.com\/en\/wp-json\/wp\/v2\/types\/page"}],"author":[{"embeddable":true,"href":"https:\/\/grabtheflag.com\/en\/wp-json\/wp\/v2\/users\/5"}],"replies":[{"embeddable":true,"href":"https:\/\/grabtheflag.com\/en\/wp-json\/wp\/v2\/comments?post=186"}],"version-history":[{"count":59,"href":"https:\/\/grabtheflag.com\/en\/wp-json\/wp\/v2\/pages\/186\/revisions"}],"predecessor-version":[{"id":868,"href":"https:\/\/grabtheflag.com\/en\/wp-json\/wp\/v2\/pages\/186\/revisions\/868"}],"wp:attachment":[{"href":"https:\/\/grabtheflag.com\/en\/wp-json\/wp\/v2\/media?parent=186"}],"curies":[{"name":"wp","href":"https:\/\/api.w.org\/{rel}","templated":true}]}}